{"id":2,"date":"2014-12-07T21:53:15","date_gmt":"2014-12-07T21:53:15","guid":{"rendered":"https:\/\/mikuszewo.org\/?page_id=2"},"modified":"2024-11-15T08:49:03","modified_gmt":"2024-11-15T08:49:03","slug":"kontakt","status":"publish","type":"page","link":"https:\/\/mikuszewo.org\/ru\/kontakt\/","title":{"rendered":"\u041a\u043e\u043d\u0442\u0430\u043a\u0442"},"content":{"rendered":"<p>Mi\u0119dzynarodowy Dom Spotka\u0144 M\u0142odzie\u017cy Mikuszewo<br \/>\n(\u041c\u0435\u0436\u0434\u0443\u043d\u0430\u0440\u043e\u0434\u043d\u044b\u0439 \u043c\u043e\u043b\u043e\u0434\u0435\u0436\u043d\u044b\u0439 \u0446\u0435\u043d\u0442\u0440 \u0432\u0441\u0442\u0440\u0435\u0447 \u041c\u0438\u043a\u0443\u0448\u0435\u0432\u043e)<\/p>\n<p><a href=\"geo:52.1785721,17.5477743\" target=\"_blank\" rel=\"noopener\">Mikuszewo 23<br \/>\n62-320 Mi\u0142os\u0142aw<br \/>\nPolska\/\u041f\u043e\u043b\u044c\u0448\u0430<\/a><\/p>\n<p>Tel. <a href=\"tel:0048690616206\">0048 690 616 206<\/a><br \/>\nE-mail: <a href=\"mailto:info@mikuszewo.org\">info@mikuszewo.org<\/a><\/p>","protected":false},"excerpt":{"rendered":"<p>Mi\u0119dzynarodowy Dom Spotka\u0144 M\u0142odzie\u017cy Mikuszewo (\u041c\u0435\u0436\u0434\u0443\u043d\u0430\u0440\u043e\u0434\u043d\u044b\u0439 \u043c\u043e\u043b\u043e\u0434\u0435\u0436\u043d\u044b\u0439 \u0446\u0435\u043d\u0442\u0440 \u0432\u0441\u0442\u0440\u0435\u0447 \u041c\u0438\u043a\u0443\u0448\u0435\u0432\u043e) Mikuszewo 23 62-320 Mi\u0142os\u0142aw Polska\/\u041f\u043e\u043b\u044c\u0448\u0430 Tel. 0048 690 616 206 E-mail: info@mikuszewo.org<\/p>\n","protected":false},"author":1,"featured_media":0,"parent":0,"menu_order":8,"comment_status":"closed","ping_status":"closed","template":"","meta":{"inline_featured_image":false,"hide_page_title":"","footnotes":""},"class_list":["post-2","page","type-page","status-publish","hentry"],"_links":{"self":[{"href":"https:\/\/mikuszewo.org\/ru\/wp-json\/wp\/v2\/pages\/2","targetHints":{"allow":["GET"]}}],"collection":[{"href":"https:\/\/mikuszewo.org\/ru\/wp-json\/wp\/v2\/pages"}],"about":[{"href":"https:\/\/mikuszewo.org\/ru\/wp-json\/wp\/v2\/types\/page"}],"author":[{"embeddable":true,"href":"https:\/\/mikuszewo.org\/ru\/wp-json\/wp\/v2\/users\/1"}],"replies":[{"embeddable":true,"href":"https:\/\/mikuszewo.org\/ru\/wp-json\/wp\/v2\/comments?post=2"}],"version-history":[{"count":32,"href":"https:\/\/mikuszewo.org\/ru\/wp-json\/wp\/v2\/pages\/2\/revisions"}],"predecessor-version":[{"id":737,"href":"https:\/\/mikuszewo.org\/ru\/wp-json\/wp\/v2\/pages\/2\/revisions\/737"}],"wp:attachment":[{"href":"https:\/\/mikuszewo.org\/ru\/wp-json\/wp\/v2\/media?parent=2"}],"curies":[{"name":"wp","href":"https:\/\/api.w.org\/{rel}","templated":true}]}}