{"id":577,"date":"2022-03-06T11:57:28","date_gmt":"2022-03-06T11:57:28","guid":{"rendered":"https:\/\/mikuszewo.org\/?page_id=577"},"modified":"2022-04-10T22:33:41","modified_gmt":"2022-04-10T22:33:41","slug":"faq","status":"publish","type":"page","link":"https:\/\/mikuszewo.org\/de\/faq\/","title":{"rendered":"FAQ"},"content":{"rendered":"<p><\/p>\n<h4>Sind Deutschkenntnisse erforderlich?<\/h4>\n<p>Die Kenntnis der Fremdsprache ist nicht erforderlich. Alles wird laufend in die andere Sprache \u00fcbersetzt, so dass jeder unabh\u00e4ngig von seinem Sprachniveau teilnehmen kann.<\/p>\n<h4>Ist der Austausch ein Sprachcamp?<\/h4>\n<p>Ein Jugendaustausch ist vor allem eine Gelegenheit f\u00fcr Begegnung und das schlie\u00dfen neuer freundschaften. Obwohl wir W\u00f6rter in einer Fremdsprache z.B. durch Sprachanimation lernen, ist das Erlernen der Sprache keine Priorit\u00e4t. <\/p>\n<h4>Mein Kind hat noch nie gekocht &#8211; wird es in der K\u00fcche zurechtkommen?<\/h4>\n<p>Ja, Jugendliche werden in der K\u00fcche von erfahrenen und qualifizierten Personen beaufsichtigt, und mit deren Unterst\u00fctzung kommen sie oft sogar besser zurecht als manche Erwachsene \ud83d\ude09<\/p>\n<h4>Mein Kind ist kein Pole\/keine Polin, lebt aber in Polen &#8211; kann es teilnehmen?<\/h4>\n<p>Nat\u00fcrlich, ja. Die Herkunft spielt keine Rolle. Junge Menschen, die in Polen leben, k\u00f6nnen an dem Austausch teilnehmen. <\/p>\n<h4>Was nehme ich zum Austausch mit?<\/h4>\n<p>Begegnungen in Mikuszewo finden in der Fr\u00fchlings- und Sommersaison statt, es ist also immer gut, dieses dabei zu haben:<\/p>\n<ul>\n<li>Butelk\u0119 lub bidon na wod\u0119<\/li>\n<li>Eine Wasserflasche<\/li>\n<li>Sonnencreme<\/li>\n<li>Ein Hut oder andere Kopfbedeckung zum Schutz vor der Sonne<\/li>\n<li>Insektenspray<\/li>\n<li>Entsprechende Schuhe und eine Jacke\/ein Regenschirm f\u00fcr den Fall, dass es regnet<\/li>\n<\/ul>\n<p><\/p>","protected":false},"excerpt":{"rendered":"<p>Sind Deutschkenntnisse erforderlich? Die Kenntnis der Fremdsprache ist nicht erforderlich. Alles wird laufend in die andere Sprache \u00fcbersetzt, so dass jeder unabh\u00e4ngig von seinem Sprachniveau teilnehmen kann. Ist der Austausch ein Sprachcamp? Ein Jugendaustausch ist vor allem eine Gelegenheit f\u00fcr Begegnung und das schlie\u00dfen neuer freundschaften. Obwohl wir W\u00f6rter in einer Fremdsprache z.B. durch Sprachanimation [&hellip;]<\/p>\n","protected":false},"author":1,"featured_media":0,"parent":0,"menu_order":2,"comment_status":"closed","ping_status":"closed","template":"","meta":{"inline_featured_image":false,"hide_page_title":"","footnotes":""},"class_list":["post-577","page","type-page","status-publish","hentry"],"_links":{"self":[{"href":"https:\/\/mikuszewo.org\/de\/wp-json\/wp\/v2\/pages\/577","targetHints":{"allow":["GET"]}}],"collection":[{"href":"https:\/\/mikuszewo.org\/de\/wp-json\/wp\/v2\/pages"}],"about":[{"href":"https:\/\/mikuszewo.org\/de\/wp-json\/wp\/v2\/types\/page"}],"author":[{"embeddable":true,"href":"https:\/\/mikuszewo.org\/de\/wp-json\/wp\/v2\/users\/1"}],"replies":[{"embeddable":true,"href":"https:\/\/mikuszewo.org\/de\/wp-json\/wp\/v2\/comments?post=577"}],"version-history":[{"count":8,"href":"https:\/\/mikuszewo.org\/de\/wp-json\/wp\/v2\/pages\/577\/revisions"}],"predecessor-version":[{"id":628,"href":"https:\/\/mikuszewo.org\/de\/wp-json\/wp\/v2\/pages\/577\/revisions\/628"}],"wp:attachment":[{"href":"https:\/\/mikuszewo.org\/de\/wp-json\/wp\/v2\/media?parent=577"}],"curies":[{"name":"wp","href":"https:\/\/api.w.org\/{rel}","templated":true}]}}