{"id":548,"date":"2022-02-24T00:07:49","date_gmt":"2022-02-24T00:07:49","guid":{"rendered":"https:\/\/mikuszewo.org\/?page_id=548"},"modified":"2024-11-15T08:53:31","modified_gmt":"2024-11-15T08:53:31","slug":"dojazd","status":"publish","type":"page","link":"https:\/\/mikuszewo.org\/de\/palac\/dojazd\/","title":{"rendered":"Anreise"},"content":{"rendered":"<p>Die Internationale Jugendbegegnungsst\u00e4tte Mikuszewo befindet sich in der Gemeinde Mi\u0142os\u0142aw, 65 km von Pozna\u0144 entfernt. Die \u00f6ffentlichen Verkehrsmittel sind sehr begrenzt &#8211; am besten ist die Anfahrt mit eigenem Reisebus oder Auto. Nach vorheriger Absprache k\u00f6nnen wir einen Transport aus Pozna\u0144 organisieren.<\/p>\n<p><a href=\"geo:52.1785721,17.5477743\" target=\"_blank\" rel=\"noopener\"><img loading=\"lazy\" decoding=\"async\" class=\"aligncenter size-full wp-image-717\" src=\"https:\/\/mikuszewo.org\/wp-content\/uploads\/2024\/11\/dojazd_mikuszewo.jpg\" alt=\"\" width=\"750\" height=\"575\" srcset=\"https:\/\/mikuszewo.org\/wp-content\/uploads\/2024\/11\/dojazd_mikuszewo.jpg 750w, https:\/\/mikuszewo.org\/wp-content\/uploads\/2024\/11\/dojazd_mikuszewo-300x230.jpg 300w\" sizes=\"auto, (max-width: 750px) 100vw, 750px\" \/><\/a><\/p>\n<table class=\"featured_homepage_table\">\n<tbody>\n<tr>\n<td><a class=\"button\" href=\"http:\/\/maps.google.com\/?daddr=Mikuszewo+23,+62-321+Mikuszewo,Poland\" target=\"_blank\" rel=\"noopener\">Navigieren Sie in Google Maps<\/a><\/td>\n<td><a class=\"button\" href=\"http:\/\/maps.apple.com\/?daddr=Mikuszewo+23,+62-321+Mikuszewo,Poland\" target=\"_blank\" rel=\"noopener\">Navigieren Sie in Apple Maps<\/a><\/td>\n<\/tr>\n<\/tbody>\n<\/table>\n<p><\/p>","protected":false},"excerpt":{"rendered":"<p>Die Internationale Jugendbegegnungsst\u00e4tte Mikuszewo befindet sich in der Gemeinde Mi\u0142os\u0142aw, 65 km von Pozna\u0144 entfernt. Die \u00f6ffentlichen Verkehrsmittel sind sehr begrenzt &#8211; am besten ist die Anfahrt mit eigenem Reisebus oder Auto. Nach vorheriger Absprache k\u00f6nnen wir einen Transport aus Pozna\u0144 organisieren. Navigieren Sie in Google Maps Navigieren Sie in Apple Maps<\/p>\n","protected":false},"author":1,"featured_media":0,"parent":22,"menu_order":0,"comment_status":"closed","ping_status":"closed","template":"","meta":{"inline_featured_image":false,"hide_page_title":"","footnotes":""},"class_list":["post-548","page","type-page","status-publish","hentry"],"_links":{"self":[{"href":"https:\/\/mikuszewo.org\/de\/wp-json\/wp\/v2\/pages\/548","targetHints":{"allow":["GET"]}}],"collection":[{"href":"https:\/\/mikuszewo.org\/de\/wp-json\/wp\/v2\/pages"}],"about":[{"href":"https:\/\/mikuszewo.org\/de\/wp-json\/wp\/v2\/types\/page"}],"author":[{"embeddable":true,"href":"https:\/\/mikuszewo.org\/de\/wp-json\/wp\/v2\/users\/1"}],"replies":[{"embeddable":true,"href":"https:\/\/mikuszewo.org\/de\/wp-json\/wp\/v2\/comments?post=548"}],"version-history":[{"count":16,"href":"https:\/\/mikuszewo.org\/de\/wp-json\/wp\/v2\/pages\/548\/revisions"}],"predecessor-version":[{"id":739,"href":"https:\/\/mikuszewo.org\/de\/wp-json\/wp\/v2\/pages\/548\/revisions\/739"}],"up":[{"embeddable":true,"href":"https:\/\/mikuszewo.org\/de\/wp-json\/wp\/v2\/pages\/22"}],"wp:attachment":[{"href":"https:\/\/mikuszewo.org\/de\/wp-json\/wp\/v2\/media?parent=548"}],"curies":[{"name":"wp","href":"https:\/\/api.w.org\/{rel}","templated":true}]}}