{"id":539,"date":"2022-02-23T23:11:49","date_gmt":"2022-02-23T23:11:49","guid":{"rendered":"https:\/\/mikuszewo.org\/?page_id=539"},"modified":"2025-04-30T20:03:10","modified_gmt":"2025-04-30T20:03:10","slug":"chce-uczestniczyc-w-wymianie","status":"publish","type":"page","link":"https:\/\/mikuszewo.org\/de\/chce-uczestniczyc-w-wymianie\/","title":{"rendered":"Ich m\u00f6chte an einer Jugendbegegnung teilnehmen"},"content":{"rendered":"<p><\/a><\/h3>\n                <div class=\"text-muted text-small\"><i class=\"fas fa-copy\"><\/i> 1 Datei(en) <i class=\"fas fa-hdd ml-3\"><\/i> 187.60 KB<\/div>\n            <\/div>\n            <div class=\"ml-3\">\n                <a class='wpdm-download-link download-on-click btn btn-primary ' rel='nofollow' href='#' data-downloadurl=\"https:\/\/mikuszewo.org\/de\/download\/standardy-ochrony-maloletnich-w-miedzynarodowym-domu-spotkan-mlodziezy-mikuszewo\/?wpdmdl=753&refresh=69de751c3d4441776186652\">Download<\/a>\n            <\/div>\n        <\/div>\n    <\/div>\n<\/div>\n\n<\/div>Eine internationale Jugendbegegnung in Mikuszewo ist eine Woche wie keine andere.<\/p>\n<p>Langweilige Schulaktivit\u00e4ten wirst du hier nicht finden, aber das hei\u00dft nicht, dass es nichts zu tun gibt. Du entscheidest, was gespielt wird und was es zum Mittagessen gibt &#8211; zusammen mit Jungs und M\u00e4dels aus Polen und Deutschland k\u00f6nnt ihr alle eure wildesten Ideen verwirklichen!<\/p>\n<p>W\u00e4hle ein Thema, das dich fasziniert:<\/p>\n<ul>\n<li>W\u00fcrdest du lieber mit Graffiti ein zeichen setzen oder auf der gro\u00dfen B\u00fchne stehen?<\/li>\n<li>Interessierst du dich f\u00fcr Theater, \u00d6kologie oder Reisen?<\/li>\n<li>Wolltest du schon immer Regisseurin werden? Die Kamera wartet schon auf deine Vision!<\/li>\n<li>Entdecke, was sich hinter den alten Mauern des Schlosses in Mikuszewo verbirgt.<\/li>\n<li>Lerne ihr Geheimnis, und du wirst n\u00e4chstes Jahr auf jeden Fall wiederkommen wollen!<\/li>\n<\/ul>\n<p><div class='w3eden'><!-- WPDM Link Template: Default Template -->\n\n<div class=\"link-template-default card mb-2\">\n    <div class=\"card-body\">\n        <div class=\"media\">\n            <div class=\"mr-3 img-48\"><img decoding=\"async\" class=\"wpdm_icon\" alt=\"Icon\" src=\"https:\/\/mikuszewo.org\/wp-content\/plugins\/download-manager\/assets\/file-type-icons\/pdf.svg\" \/><\/div>\n            <div class=\"media-body\">\n                <h3 class=\"package-title\"><a href='https:\/\/mikuszewo.org\/de\/download\/standardy-ochrony-maloletnich-w-miedzynarodowym-domu-spotkan-mlodziezy-mikuszewo\/'><\/a><\/h3>\n                <div class=\"text-muted text-small\"><i class=\"fas fa-copy\"><\/i> 1 Datei(en) <i class=\"fas fa-hdd ml-3\"><\/i> 187.60 KB<\/div>\n            <\/div>\n            <div class=\"ml-3\">\n                <a class='wpdm-download-link download-on-click btn btn-primary ' rel='nofollow' href='#' data-downloadurl=\"https:\/\/mikuszewo.org\/de\/download\/standardy-ochrony-maloletnich-w-miedzynarodowym-domu-spotkan-mlodziezy-mikuszewo\/?wpdmdl=753&refresh=69de751c3ffa71776186652\">Download<\/a>\n            <\/div>\n        <\/div>\n    <\/div>\n<\/div>\n\n<\/div><\/a><\/h3>\n                <div class=\"text-muted text-small\"><i class=\"fas fa-copy\"><\/i> 1 Datei(en) <i class=\"fas fa-hdd ml-3\"><\/i> 187.60 KB<\/div>\n            <\/div>\n            <div class=\"ml-3\">\n                <a class='wpdm-download-link download-on-click btn btn-primary ' rel='nofollow' href='#' data-downloadurl=\"https:\/\/mikuszewo.org\/de\/download\/standardy-ochrony-maloletnich-w-miedzynarodowym-domu-spotkan-mlodziezy-mikuszewo\/?wpdmdl=753&refresh=69de751c40d431776186652\">Download<\/a>\n            <\/div>\n        <\/div>\n    <\/div>\n<\/div>\n\n<\/div><\/a><\/h3>\n                <div class=\"text-muted text-small\"><i class=\"fas fa-copy\"><\/i> 1 Datei(en) <i class=\"fas fa-hdd ml-3\"><\/i> 187.60 KB<\/div>\n            <\/div>\n            <div class=\"ml-3\">\n                <a class='wpdm-download-link download-on-click btn btn-primary ' rel='nofollow' href='#' data-downloadurl=\"https:\/\/mikuszewo.org\/de\/download\/standardy-ochrony-maloletnich-w-miedzynarodowym-domu-spotkan-mlodziezy-mikuszewo\/?wpdmdl=753&refresh=69de751c41a3d1776186652\">Download<\/a>\n            <\/div>\n        <\/div>\n    <\/div>\n<\/div>\n\n<\/div><\/p>","protected":false},"excerpt":{"rendered":"<p>Eine internationale Jugendbegegnung in Mikuszewo ist eine Woche wie keine andere. Langweilige Schulaktivit\u00e4ten wirst du hier nicht finden, aber das hei\u00dft nicht, dass es nichts zu tun gibt. Du entscheidest, was gespielt wird und was es zum Mittagessen gibt &#8211; zusammen mit Jungs und M\u00e4dels aus Polen und Deutschland k\u00f6nnt ihr alle eure wildesten Ideen [&hellip;]<\/p>\n","protected":false},"author":1,"featured_media":0,"parent":0,"menu_order":3,"comment_status":"closed","ping_status":"closed","template":"","meta":{"inline_featured_image":false,"hide_page_title":"","footnotes":""},"class_list":["post-539","page","type-page","status-publish","hentry"],"_links":{"self":[{"href":"https:\/\/mikuszewo.org\/de\/wp-json\/wp\/v2\/pages\/539","targetHints":{"allow":["GET"]}}],"collection":[{"href":"https:\/\/mikuszewo.org\/de\/wp-json\/wp\/v2\/pages"}],"about":[{"href":"https:\/\/mikuszewo.org\/de\/wp-json\/wp\/v2\/types\/page"}],"author":[{"embeddable":true,"href":"https:\/\/mikuszewo.org\/de\/wp-json\/wp\/v2\/users\/1"}],"replies":[{"embeddable":true,"href":"https:\/\/mikuszewo.org\/de\/wp-json\/wp\/v2\/comments?post=539"}],"version-history":[{"count":4,"href":"https:\/\/mikuszewo.org\/de\/wp-json\/wp\/v2\/pages\/539\/revisions"}],"predecessor-version":[{"id":754,"href":"https:\/\/mikuszewo.org\/de\/wp-json\/wp\/v2\/pages\/539\/revisions\/754"}],"wp:attachment":[{"href":"https:\/\/mikuszewo.org\/de\/wp-json\/wp\/v2\/media?parent=539"}],"curies":[{"name":"wp","href":"https:\/\/api.w.org\/{rel}","templated":true}]}}