{"id":537,"date":"2022-02-23T23:00:02","date_gmt":"2022-02-23T23:00:02","guid":{"rendered":"https:\/\/mikuszewo.org\/?page_id=537"},"modified":"2022-03-06T15:54:44","modified_gmt":"2022-03-06T15:54:44","slug":"chce-zorganizowac-wymiane-szkolna","status":"publish","type":"page","link":"https:\/\/mikuszewo.org\/de\/chce-zorganizowac-wymiane-szkolna\/","title":{"rendered":"Ich m\u00f6chte einen Schulaustausch organisieren"},"content":{"rendered":"<p><strong>In Zusammenarbeit mit der Internationalen Jugendbegegnungsst\u00e4tte Mikuszewo<\/strong> k\u00f6nnen Sie einen Austausch f\u00fcr Ihre Sch\u00fcler oder Sch\u00fctzlinge organisieren. In Mikuszewo treffen sich zwei Gruppen von <strong>Partnerschulen aus Polen und Deutschland<\/strong>, um sich w\u00e4hrend einer gemeinsamen Woche f\u00fcr Gleichaltrige aus dem anderen Land zu \u00f6ffnen, sich kennenzulernen und gemeinsam zu lernen und zu spielen. Wir bieten Ihnen eine Auswahl von Themen, die wir an die Bed\u00fcrfnisse Ihrer Gruppe anpassen, inhaltliche und p\u00e4dagogische Unterst\u00fctzung w\u00e4hrend des Austauschs sowie die Moderation von Aktivit\u00e4ten.<\/p>\n<p>F\u00fcr Schulen ist ein wichtiger Aspekt der gemeinsam mit der IJB organisierten Begegnungen die <strong>vierseitige Partnerschaft<\/strong>. Eine Schule aus Deutschland, eine Schule aus Polen, eine Organisation aus Deutschland und eine Organisation aus Polen arbeiten gleichzeitig zusammen. Die Organisationen \u00fcbernehmen die Akquise von Zusch\u00fcssen, und in der IJB k\u00f6nnen wir Unterkunft und Verpflegung, entsprechend ausgestattete R\u00e4ume sowie erfahrenes Personal und ein ma\u00dfgeschneidertes Programm bereitstellen.<\/p>\n<p>Dies erm\u00f6glicht es den Schulen, mit geringem Aufwand einen internationalen Austausch auf h\u00f6chstem Niveau erfolgreich zu organisieren.<\/p>","protected":false},"excerpt":{"rendered":"<p>In Zusammenarbeit mit der Internationalen Jugendbegegnungsst\u00e4tte Mikuszewo k\u00f6nnen Sie einen Austausch f\u00fcr Ihre Sch\u00fcler oder Sch\u00fctzlinge organisieren. In Mikuszewo treffen sich zwei Gruppen von Partnerschulen aus Polen und Deutschland, um sich w\u00e4hrend einer gemeinsamen Woche f\u00fcr Gleichaltrige aus dem anderen Land zu \u00f6ffnen, sich kennenzulernen und gemeinsam zu lernen und zu spielen. Wir bieten Ihnen [&hellip;]<\/p>\n","protected":false},"author":1,"featured_media":0,"parent":0,"menu_order":2,"comment_status":"closed","ping_status":"closed","template":"","meta":{"inline_featured_image":false,"hide_page_title":"","footnotes":""},"class_list":["post-537","page","type-page","status-publish","hentry"],"_links":{"self":[{"href":"https:\/\/mikuszewo.org\/de\/wp-json\/wp\/v2\/pages\/537","targetHints":{"allow":["GET"]}}],"collection":[{"href":"https:\/\/mikuszewo.org\/de\/wp-json\/wp\/v2\/pages"}],"about":[{"href":"https:\/\/mikuszewo.org\/de\/wp-json\/wp\/v2\/types\/page"}],"author":[{"embeddable":true,"href":"https:\/\/mikuszewo.org\/de\/wp-json\/wp\/v2\/users\/1"}],"replies":[{"embeddable":true,"href":"https:\/\/mikuszewo.org\/de\/wp-json\/wp\/v2\/comments?post=537"}],"version-history":[{"count":3,"href":"https:\/\/mikuszewo.org\/de\/wp-json\/wp\/v2\/pages\/537\/revisions"}],"predecessor-version":[{"id":606,"href":"https:\/\/mikuszewo.org\/de\/wp-json\/wp\/v2\/pages\/537\/revisions\/606"}],"wp:attachment":[{"href":"https:\/\/mikuszewo.org\/de\/wp-json\/wp\/v2\/media?parent=537"}],"curies":[{"name":"wp","href":"https:\/\/api.w.org\/{rel}","templated":true}]}}