{"id":499,"date":"2022-02-22T01:26:23","date_gmt":"2022-02-22T01:26:23","guid":{"rendered":"https:\/\/mikuszewo.org\/?page_id=499"},"modified":"2022-04-10T22:15:33","modified_gmt":"2022-04-10T22:15:33","slug":"home","status":"publish","type":"page","link":"https:\/\/mikuszewo.org\/de\/","title":{"rendered":"Home"},"content":{"rendered":"<p>Die Internationale Jugendbegegnungsst\u00e4tte Mikuszewo ist seit 20 Jahren im deutsch-polnischen Austausch t\u00e4tig &#8211; in Zusammenarbeit mit Schulen und in Partnerschaft mit HochDrei e.V., der eine \u00e4hnliche Bildungsst\u00e4tte in Potsdam betreibt. <\/p>\n<p>Die Begegnungen in Mikuszewo finden sowohl in den Sommerferien als auch w\u00e4hrend des Schuljahres statt und dauern in der Regel etwa eine Woche. Begegnungen f\u00fcr Schulgruppen sind meistens f\u00fcnf Tage lang, von Montag bis Freitag. Sie haben abwechslungsreiche Themen, die auf verschiedene Altersgruppen, F\u00e4higkeiten und Interessen der Jugendlichen zugeschnitten sind. <\/p>\n<p>Die Internationale Jugendbegegnungsst\u00e4tte (IJB) ist eine nicht-formale, nicht-\u00f6ffentliche Bildungseinrichtung, die von einer Nichtregierungsorganisation betrieben wird &#8211; das bedeutet, dass sie politisch unabh\u00e4ngig ist und ihr Programm frei gestalten kann. Als etablierte Einrichtung, die sich auf die Bed\u00fcrfnisse des internationalen Austauschs spezialisiert hat, bietet die IJB Unterkunft und Verpflegung, einen Raum zum gemeinsamen Arbeiten und ein p\u00e4dagogisches Team, das auf die Durchf\u00fchrung des Bildungs- und Kulturprogramms vorbereitet ist. <\/p>\n<p>Das Hauptziel des Internationalen Begegnungszentrums ist es, die Entwicklung junger Menschen zu unterst\u00fctzen, indem es ihre sozialen, staatsb\u00fcrger(*Innen)lichen und sprachlichen Schl\u00fcsselkompetenzen f\u00f6rdert und sie auf ein verantwortungsvolles und bewusstes Handeln in der modernen Welt und auf die Kommunikation im internationalen Kontext vorbereitet.<\/p>\n<table class=\"featured_homepage_table\">\n<tbody>\n<tr>\n<td><a class=\"button\" href=\"https:\/\/mikuszewo.org\/de\/palac\/chce-zorganizowac-wymiane-szkolna\/\">Ich m\u00f6chte einen Schulaustausch organisieren<\/a><\/td>\n<td><a class=\"button\" href=\"https:\/\/mikuszewo.org\/de\/palac\/chce-uczestniczyc-w-wymianie\/\">Ich m\u00f6chte an einer Jugendbegegnung teilnehmen<\/a><\/td>\n<\/tr>\n<\/tbody>\n<\/table>\n<blockquote><p>Unabh\u00e4ngig vom Thema stehen unsere Werte im Mittelpunkt jeder Begegnung<\/p><\/blockquote>\n<p><style>#sp-ea-584 .spcollapsing { height: 0; overflow: hidden; transition-property: height;transition-duration: 300ms;}#sp-ea-584.sp-easy-accordion>.sp-ea-single {margin-bottom: 10px; border: 1px solid #e2e2e2; }#sp-ea-584.sp-easy-accordion>.sp-ea-single>.ea-header a {color: #444;}#sp-ea-584.sp-easy-accordion>.sp-ea-single>.sp-collapse>.ea-body {background: #fff; color: #444;}#sp-ea-584.sp-easy-accordion>.sp-ea-single {background: #eee;}#sp-ea-584.sp-easy-accordion>.sp-ea-single>.ea-header a .ea-expand-icon { float: left; color: #444;font-size: 16px;}<\/style><div id=\"sp_easy_accordion-1776173016\"><div id=\"sp-ea-584\" class=\"sp-ea-one sp-easy-accordion\" data-ea-active=\"ea-click\" data-ea-mode=\"vertical\" data-preloader=\"\" data-scroll-active-item=\"\" data-offset-to-scroll=\"0\"><div class=\"ea-card ea-expand sp-ea-single\"><h3 class=\"ea-header\"><a class=\"collapsed\" id=\"ea-header-5840\" role=\"button\" data-sptoggle=\"spcollapse\" data-sptarget=\"#collapse5840\" aria-controls=\"collapse5840\" href=\"#\" aria-expanded=\"true\" tabindex=\"0\"><i aria-hidden=\"true\" role=\"presentation\" class=\"ea-expand-icon eap-icon-ea-expand-minus\"><\/i> Demokratische Werte<\/a><\/h3><div class=\"sp-collapse spcollapse collapsed show\" id=\"collapse5840\" data-parent=\"#sp-ea-584\" role=\"region\" aria-labelledby=\"ea-header-5840\"> <div class=\"ea-body\"><p>Demokratische Werte stehen im Mittelpunkt unseres Handelns. Jede Jugendbegegnung in Mikuszewo ist eine Zeit konkreter Beteiligung, die auf Partizipation beruht. Die Teilnehmer*Innen legen die Regeln gemeinsam fest und achten darauf, dass sie eingehalten werden. Entscheidungen werden in offenen Diskussionen getroffen, und jede Stimme z\u00e4hlt und wird respektiert.<\/p><\/div><\/div><\/div><div class=\"ea-card sp-ea-single\"><h3 class=\"ea-header\"><a class=\"collapsed\" id=\"ea-header-5841\" role=\"button\" data-sptoggle=\"spcollapse\" data-sptarget=\"#collapse5841\" aria-controls=\"collapse5841\" href=\"#\" aria-expanded=\"false\" tabindex=\"0\"><i aria-hidden=\"true\" role=\"presentation\" class=\"ea-expand-icon eap-icon-ea-expand-plus\"><\/i> F\u00f6rderung der zivilcourage<\/a><\/h3><div class=\"sp-collapse spcollapse \" id=\"collapse5841\" data-parent=\"#sp-ea-584\" role=\"region\" aria-labelledby=\"ea-header-5841\"> <div class=\"ea-body\"><p>Wir glauben, dass jeder und jede Einzelne von uns die Welt um uns herum mitgestalten kann. Deshalb legen wir gro\u00dfen Wert auf Bildung im Bereich des b\u00fcrger*Innen schaftlichen Engagements. Bei uns lernen Jugendliche, Verantwortung f\u00fcr gemeinsame Ressourcen zu \u00fcbernehmen, Zivilcourage zu zeigen und zu erkennen, dass schon eine Person was ver\u00e4ndern kann.<\/p><\/div><\/div><\/div><div class=\"ea-card sp-ea-single\"><h3 class=\"ea-header\"><a class=\"collapsed\" id=\"ea-header-5842\" role=\"button\" data-sptoggle=\"spcollapse\" data-sptarget=\"#collapse5842\" aria-controls=\"collapse5842\" href=\"#\" aria-expanded=\"false\" tabindex=\"0\"><i aria-hidden=\"true\" role=\"presentation\" class=\"ea-expand-icon eap-icon-ea-expand-plus\"><\/i> Aufkl\u00e4rung \u00fcber Gleichberechtigung und Antidiskriminierung<\/a><\/h3><div class=\"sp-collapse spcollapse \" id=\"collapse5842\" data-parent=\"#sp-ea-584\" role=\"region\" aria-labelledby=\"ea-header-5842\"> <div class=\"ea-body\"><p>In der Internationalen Jugendbegegnungsst\u00e4tte Mikuszewo setzen wir uns f\u00fcr Toleranz und Gleichbehandlung ein, unabh\u00e4ngig von Geschlecht, Herkunft, Religion, Wohlstand, k\u00f6rperlicher Fitness oder sexueller Orientierung. Unser Haus ist immer offen f\u00fcr alle Teilnehmer*Innen. Unterschiede sehen wir als einen nat\u00fcrlichen und sch\u00f6nen Aspekt des Lebens in der Gesellschaft. Gleichberechtigung ist bei Mikuszewo kein Tabu, sondern ein Teil unserer diskriminierungskritischen Bildung. Die Jugendlichen lernen bei den Begegnungen, offen auf andere zuzugehen und sich gegenseitig zu respektieren.<\/p><\/div><\/div><\/div><div class=\"ea-card sp-ea-single\"><h3 class=\"ea-header\"><a class=\"collapsed\" id=\"ea-header-5843\" role=\"button\" data-sptoggle=\"spcollapse\" data-sptarget=\"#collapse5843\" aria-controls=\"collapse5843\" href=\"#\" aria-expanded=\"false\" tabindex=\"0\"><i aria-hidden=\"true\" role=\"presentation\" class=\"ea-expand-icon eap-icon-ea-expand-plus\"><\/i> Non-formale \/ informelle Bildung <\/a><\/h3><div class=\"sp-collapse spcollapse \" id=\"collapse5843\" data-parent=\"#sp-ea-584\" role=\"region\" aria-labelledby=\"ea-header-5843\"> <div class=\"ea-body\"><p>W\u00e4hrend der internationalen Jugendbegegnungen in Mikuszewo gehen wir \u00fcber den Rahmen herk\u00f6mmlicher Schulbildung hinaus. Im Mittelpunkt der <strong>non-formalen Bildung<\/strong> stehen die teilnehmenden Jugendlichen - ihre individuellen Bed\u00fcrfnisse und Interessen. Gemeinsam mit den Teilnehmer*Innen legen wir Ziele und Wege fest, um ihre F\u00e4higkeiten, Haltungen und Kenntnisse in der Praxis zu entwickeln. Bei der Durchf\u00fchrung des geplanten Programms gehen wir auf die Bed\u00fcrfnisse der Gruppe ein, sprechen dar\u00fcber, was funktioniert und was nicht, welche Probleme und W\u00fcnsche bestehen. Die Beziehung zwischen Teamer*Innen und Teilnehmer*Innen ist partnerschaftlich - unsere Mitarbeiter*Innen sind an der Moderation des Prozesses beteiligt und unterst\u00fctzen die Jugendlichen bei ihren Aktionen.<\/p><p>W\u00e4hrend der Jugendbegegnung findet neben den geplanten Aktivit\u00e4ten auch t\u00e4glich <strong>informelles Lernen<\/strong> statt. Bei einer gemeinsam zubereiteten Mahlzeit oder beim Spielen in einer internationalen Gruppe kann man mehr lernen als in vielen Unterrichtsstunden und dabei neue Freunde gewinnen.<\/p><p>In der einzigartigen Atmosph\u00e4re einer Jugendbegegnung haben wir die M\u00f6glichkeit, Teamarbeit, Kommunikation in einer internationalen Gruppe, Konfliktl\u00f6sung und andere Soft Skills zu lernen, die in der traditionellen Bildung oft im Hintergrund stehen.<\/p><p>Die <strong>Selbstorganisation<\/strong> ist ein essenzieller Teil jeder Begegnung in Mikuszewo. Mit p\u00e4dagogischer Unterst\u00fctzung plant die Gruppe ihre Mahlzeiten selbst, bereitet sie zu, entscheidet \u00fcber ihr Budget und plant ihre Freizeit.<br \/>Die Teilnehmer*Innen handeln gemeinsam, l\u00f6sen Probleme und \u00fcbernehmen die Verantwortung.<\/p><\/div><\/div><\/div><div class=\"ea-card sp-ea-single\"><h3 class=\"ea-header\"><a class=\"collapsed\" id=\"ea-header-5844\" role=\"button\" data-sptoggle=\"spcollapse\" data-sptarget=\"#collapse5844\" aria-controls=\"collapse5844\" href=\"#\" aria-expanded=\"false\" tabindex=\"0\"><i aria-hidden=\"true\" role=\"presentation\" class=\"ea-expand-icon eap-icon-ea-expand-plus\"><\/i> Sprachmittlung<\/a><\/h3><div class=\"sp-collapse spcollapse \" id=\"collapse5844\" data-parent=\"#sp-ea-584\" role=\"region\" aria-labelledby=\"ea-header-5844\"> <div class=\"ea-body\"><p>W\u00e4hrend einer internationalen Jugendbegegnung kommen die Teilnehmer*Innen nicht nur bei gemeinsamen Aktivit\u00e4ten, sondern auch beim Spielen, in der K\u00fcche oder bei einfachen Gespr\u00e4chen mit einer Fremdsprache in Ber\u00fchrung. Sie werden von <strong>Sprachmittler*Innen<\/strong> begleitet, die alles \u00fcbersetzen, was gesagt und geschrieben wird. Diese sorgen daf\u00fcr, dass jede*r teilnehmen kann, unabh\u00e4ngig vom Sprachniveau. <strong>Sprachanimationen<\/strong> und <strong>Spiele<\/strong> bieten eine gelegenheit um Kommunikationsbarrieren zu \u00fcberwinden, und sich gegenseitig besser kennenzulernen.<\/p><\/div><\/div><\/div><\/div><\/div><\/p>","protected":false},"excerpt":{"rendered":"<p>Die Internationale Jugendbegegnungsst\u00e4tte Mikuszewo ist seit 20 Jahren im deutsch-polnischen Austausch t\u00e4tig &#8211; in Zusammenarbeit mit Schulen und in Partnerschaft mit HochDrei e.V., der eine \u00e4hnliche Bildungsst\u00e4tte in Potsdam betreibt. Die Begegnungen in Mikuszewo finden sowohl in den Sommerferien als auch w\u00e4hrend des Schuljahres statt und dauern in der Regel etwa eine Woche. Begegnungen f\u00fcr [&hellip;]<\/p>\n","protected":false},"author":1,"featured_media":332,"parent":0,"menu_order":1,"comment_status":"closed","ping_status":"closed","template":"","meta":{"inline_featured_image":false,"hide_page_title":"enabled","footnotes":""},"class_list":["post-499","page","type-page","status-publish","has-post-thumbnail","hentry"],"_links":{"self":[{"href":"https:\/\/mikuszewo.org\/de\/wp-json\/wp\/v2\/pages\/499","targetHints":{"allow":["GET"]}}],"collection":[{"href":"https:\/\/mikuszewo.org\/de\/wp-json\/wp\/v2\/pages"}],"about":[{"href":"https:\/\/mikuszewo.org\/de\/wp-json\/wp\/v2\/types\/page"}],"author":[{"embeddable":true,"href":"https:\/\/mikuszewo.org\/de\/wp-json\/wp\/v2\/users\/1"}],"replies":[{"embeddable":true,"href":"https:\/\/mikuszewo.org\/de\/wp-json\/wp\/v2\/comments?post=499"}],"version-history":[{"count":31,"href":"https:\/\/mikuszewo.org\/de\/wp-json\/wp\/v2\/pages\/499\/revisions"}],"predecessor-version":[{"id":622,"href":"https:\/\/mikuszewo.org\/de\/wp-json\/wp\/v2\/pages\/499\/revisions\/622"}],"wp:featuredmedia":[{"embeddable":true,"href":"https:\/\/mikuszewo.org\/de\/wp-json\/wp\/v2\/media\/332"}],"wp:attachment":[{"href":"https:\/\/mikuszewo.org\/de\/wp-json\/wp\/v2\/media?parent=499"}],"curies":[{"name":"wp","href":"https:\/\/api.w.org\/{rel}","templated":true}]}}