{"id":22,"date":"2015-04-28T21:45:37","date_gmt":"2015-04-28T21:45:37","guid":{"rendered":"https:\/\/mikuszewo.org\/?page_id=22"},"modified":"2022-04-10T22:24:14","modified_gmt":"2022-04-10T22:24:14","slug":"palac","status":"publish","type":"page","link":"https:\/\/mikuszewo.org\/de\/palac\/","title":{"rendered":"Das Schloss"},"content":{"rendered":"<p>Das Neorenaissance-Schloss in Mikuszewo wurde im dritten Viertel des 19. Jahrhunderts als Eigentum des Herzogs von Sachsen-Meiningen errichtet. Aufgrund seiner Lage wechselte oft den Besitzer und hat es eine turbulente deutsch-polnische Geschichte . Das Gel\u00e4nde des Schlosses ist  nicht eingez\u00e4unt, und der umliegende Park steht f\u00fcr alle offen. Radfahrer und Fu\u00dfg\u00e4nger aus dem Nachbardorf g\u00f6nnen sich eine Pause auf der Bank am Eingang, beim Teich am Schloss findet man oft den einen oder anderen Angler.<\/p>\n<p>Die gegenw\u00e4rtige Geschichte von Mikuszewo geht auf die zweite H\u00e4lfte der 1990er Jahre zur\u00fcck, als man plante, in Gro\u00dfpolen eine Einrichtung nach dem Vorbild der deutschen Jugendbegegnungsst\u00e4tten zu schaffen, deren Mitarbeiter auf die au\u00dferschulische P\u00e4dagogik spezialisiert sind. Es entstand eine trilaterale Zusammenarbeit zwischen der Gemeinde Mi\u0142os\u0142aw, dem polnischen Verband der unabh\u00e4ngigen Initiativen Mikuszewo und dem deutschen F\u00f6rderverein Internationale Jugendbegegnungsst\u00e4tte Mikuszewo. Seit 1997 dient das Schloss als internationale Jugendbegegnungsst\u00e4tte, in der junge Menschen aus Polen, Deutschland und anderen L\u00e4ndern zu Gast sind. <\/p>\n<p>Das Innere des Hauses ist renoviert und f\u00fcr gro\u00dfe Gruppen geeignet. Es stehen \u00fcber 50 Betten zur Verf\u00fcgung. Die Zimmer sind mit Doppel- und Dreibettzimmern ausgestattet. Auch eine Einzelunterbringung ist m\u00f6glich.<\/p>\n<p>Im ersten Stock und im Dachgeschoss befinden sich G\u00e4stezimmer mit Bad, im Erdgeschoss und im ersten Stock sind Seminarr\u00e4ume, ein Konferenzraum und eine K\u00fcche mit Esszimmer untergebracht. Freizeit kann im gem\u00fctlichen Aufenthaltsraum verbracht werden, der mit Billard- und Tischtennisplatten ausgestattet ist. <\/p>\n<p>Fr\u00fchst\u00fcck und Abendessen werden im Rahmen der Selbstorganisation von der Gruppe selbst zubereitet, nat\u00fcrlich in einer gut ausgestatteten K\u00fcche. Das Mittagessen wird in einem Gasthaus direkt am Eingang des Schlosses serviert. Es besteht auch die M\u00f6glichkeit, sich die Vollpension ins Schloss liefern zu lassen und alle Mahlzeiten vor Ort vom Koch zubereiten zu lassen.<\/p>","protected":false},"excerpt":{"rendered":"<p>Das Neorenaissance-Schloss in Mikuszewo wurde im dritten Viertel des 19. Jahrhunderts als Eigentum des Herzogs von Sachsen-Meiningen errichtet. Aufgrund seiner Lage wechselte oft den Besitzer und hat es eine turbulente deutsch-polnische Geschichte . Das Gel\u00e4nde des Schlosses ist nicht eingez\u00e4unt, und der umliegende Park steht f\u00fcr alle offen. Radfahrer und Fu\u00dfg\u00e4nger aus dem Nachbardorf g\u00f6nnen [&hellip;]<\/p>\n","protected":false},"author":1,"featured_media":572,"parent":0,"menu_order":5,"comment_status":"closed","ping_status":"closed","template":"","meta":{"inline_featured_image":false,"hide_page_title":"","footnotes":""},"class_list":["post-22","page","type-page","status-publish","has-post-thumbnail","hentry"],"_links":{"self":[{"href":"https:\/\/mikuszewo.org\/de\/wp-json\/wp\/v2\/pages\/22","targetHints":{"allow":["GET"]}}],"collection":[{"href":"https:\/\/mikuszewo.org\/de\/wp-json\/wp\/v2\/pages"}],"about":[{"href":"https:\/\/mikuszewo.org\/de\/wp-json\/wp\/v2\/types\/page"}],"author":[{"embeddable":true,"href":"https:\/\/mikuszewo.org\/de\/wp-json\/wp\/v2\/users\/1"}],"replies":[{"embeddable":true,"href":"https:\/\/mikuszewo.org\/de\/wp-json\/wp\/v2\/comments?post=22"}],"version-history":[{"count":10,"href":"https:\/\/mikuszewo.org\/de\/wp-json\/wp\/v2\/pages\/22\/revisions"}],"predecessor-version":[{"id":623,"href":"https:\/\/mikuszewo.org\/de\/wp-json\/wp\/v2\/pages\/22\/revisions\/623"}],"wp:featuredmedia":[{"embeddable":true,"href":"https:\/\/mikuszewo.org\/de\/wp-json\/wp\/v2\/media\/572"}],"wp:attachment":[{"href":"https:\/\/mikuszewo.org\/de\/wp-json\/wp\/v2\/media?parent=22"}],"curies":[{"name":"wp","href":"https:\/\/api.w.org\/{rel}","templated":true}]}}